{"id":10167,"date":"2019-11-05T11:02:04","date_gmt":"2019-11-05T11:02:04","guid":{"rendered":"https:\/\/gocarbarcelona.com\/?page_id=10167"},"modified":"2025-04-09T16:19:57","modified_gmt":"2025-04-09T14:19:57","slug":"disclaimer","status":"publish","type":"page","link":"https:\/\/gocarbarcelona.com\/fr\/disclaimer\/","title":{"rendered":"Disclaimer"},"content":{"rendered":"<p>GOCAR &#8211; BARCELONA MINI CAR TOURS, S.L<\/p>\n\n\n\n<p><strong>Aviso Legal:<\/strong>  <br> Le informamos que sus datos personales, que puedan constar en esta comunicaci\u00f3n, est\u00e1n incorporados en un fichero propiedad de BARCELONA MINI CAR TOURS, S.L., con la finalidad de atender a su consulta. Si desea ejercitar los derechos de acceso, rectificaci\u00f3n, cancelaci\u00f3n y oposici\u00f3n puede hacerlo a trav\u00e9s de la direcci\u00f3n de correo electr\u00f3nico info@GoCarBarcelona.com o bien dirigirse por escrito a: BARCELONA MINI CAR TOURS, S.L.,Passeig Pujades 7, 08018 Barcelona. La informaci\u00f3n de este email es confidencial y exclusiva para la persona o entidad a la que va dirigido. Este email y\/o cualquier documento adjunto pueden contener informaci\u00f3n de car\u00e1cter privilegiado y\/o estar protegidos de cualquier otra forma contra cualquier tipo de revelaci\u00f3n. Si usted no es el destinatario de este email, por favor comunique este hecho al remitente de manera inmediata y borre el email y cualquier documento adjunto que pueda contener. No hay renuncia a la confidencialidad ni a ning\u00fan privilegio por causa de transmisi\u00f3n err\u00f3nea o mal funcionamiento. Si usted no es el destinatario de este email queda advertido. No debe copiar el mensaje ni la informaci\u00f3n adjunta y que no debe revelar el contenido del mismo. BARCELONA MINI CAR TOURS, S.L no es responsable de la correcta y completa transmisi\u00f3n de la informaci\u00f3n contenida en este email.<\/p>\n\n\n\n<p><strong>Disclaimer<\/strong>: <br> We inform you that your personal data, which may be included in this communication, are incorporated into a file owned by BARCELONA MINI CAR TOURS, S.L., in order to meet your query. If you wish to exercise the rights of access, rectification, cancellation and opposition you can do so through the email address info@GoCarBarcelona.com either write in writing or BARCELONA MINI CAR TOURS, S.L.,Passeig Pujades 7, 08018 Barcelona. . The information contained in this email is confidential and is intended solely for the use of the individual or entity to whom it is addressed. This message and any attachment may contain trade secrets and may also be legally privileged or otherwise protected from disclosure. If you are not the intended recipient please notify the sender immediately and delete this message and any attachment form your system. No confidentiality nor any privilege regarding the information is waived or lost by any mistransmission or malfunction. If you are not the intended recipient you are on notice of its status therefore, please understand that you must not disseminate, distribute, copy or disclose the contents to any other person. BARCELONA MINI CAR TOURS, S.L is neither liable for the proper and complete transmission of the information contained in this communication.<\/p>","protected":false},"excerpt":{"rendered":"GOCAR &#8211; BARCELONA MINI CAR TOURS, [&hellip;]","protected":false},"author":10,"featured_media":0,"parent":0,"menu_order":100,"comment_status":"closed","ping_status":"closed","template":"page_fullwidth.php","meta":{"_monsterinsights_skip_tracking":false,"_monsterinsights_sitenote_active":false,"_monsterinsights_sitenote_note":"","_monsterinsights_sitenote_category":0,"footnotes":""},"class_list":["post-10167","page","type-page","status-publish","hentry"],"yoast_head":"<!-- This site is optimized with the Yoast SEO plugin v27.4 - https:\/\/yoast.com\/product\/yoast-seo-wordpress\/ -->\n<title>Disclaimer - GoCar Barcelona<\/title>\n<meta name=\"robots\" content=\"index, follow, max-snippet:-1, max-image-preview:large, max-video-preview:-1\" \/>\n<link rel=\"canonical\" href=\"https:\/\/gocarbarcelona.com\/fr\/disclaimer\/\" \/>\n<meta property=\"og:locale\" content=\"fr_FR\" \/>\n<meta property=\"og:type\" content=\"article\" \/>\n<meta property=\"og:title\" content=\"Disclaimer - GoCar Barcelona\" \/>\n<meta property=\"og:description\" content=\"GOCAR &#8211; BARCELONA MINI CAR TOURS, [&hellip;]\" \/>\n<meta property=\"og:url\" content=\"https:\/\/gocarbarcelona.com\/fr\/disclaimer\/\" \/>\n<meta property=\"og:site_name\" content=\"GoCar Barcelona\" \/>\n<meta property=\"article:publisher\" content=\"https:\/\/www.facebook.com\/GoCarBarcelona\" \/>\n<meta property=\"article:modified_time\" content=\"2025-04-09T14:19:57+00:00\" \/>\n<meta name=\"twitter:label1\" content=\"Dur\u00e9e de lecture estim\u00e9e\" \/>\n\t<meta name=\"twitter:data1\" content=\"2 minutes\" \/>\n<script type=\"application\/ld+json\" class=\"yoast-schema-graph\">{\"@context\":\"https:\\\/\\\/schema.org\",\"@graph\":[{\"@type\":\"WebPage\",\"@id\":\"https:\\\/\\\/gocarbarcelona.com\\\/disclaimer\\\/\",\"url\":\"https:\\\/\\\/gocarbarcelona.com\\\/disclaimer\\\/\",\"name\":\"Disclaimer - GoCar Barcelona\",\"isPartOf\":{\"@id\":\"https:\\\/\\\/gocarbarcelona.com\\\/#website\"},\"datePublished\":\"2019-11-05T11:02:04+00:00\",\"dateModified\":\"2025-04-09T14:19:57+00:00\",\"breadcrumb\":{\"@id\":\"https:\\\/\\\/gocarbarcelona.com\\\/disclaimer\\\/#breadcrumb\"},\"inLanguage\":\"fr-FR\",\"potentialAction\":[{\"@type\":\"ReadAction\",\"target\":[\"https:\\\/\\\/gocarbarcelona.com\\\/disclaimer\\\/\"]}]},{\"@type\":\"BreadcrumbList\",\"@id\":\"https:\\\/\\\/gocarbarcelona.com\\\/disclaimer\\\/#breadcrumb\",\"itemListElement\":[{\"@type\":\"ListItem\",\"position\":1,\"name\":\"Home\",\"item\":\"https:\\\/\\\/gocarbarcelona.com\\\/\"},{\"@type\":\"ListItem\",\"position\":2,\"name\":\"Disclaimer\"}]},{\"@type\":\"WebSite\",\"@id\":\"https:\\\/\\\/gocarbarcelona.com\\\/#website\",\"url\":\"https:\\\/\\\/gocarbarcelona.com\\\/\",\"name\":\"GoCar Barcelona\",\"description\":\"GPS Guided Storytelling Car\",\"publisher\":{\"@id\":\"https:\\\/\\\/gocarbarcelona.com\\\/#organization\"},\"potentialAction\":[{\"@type\":\"SearchAction\",\"target\":{\"@type\":\"EntryPoint\",\"urlTemplate\":\"https:\\\/\\\/gocarbarcelona.com\\\/?s={search_term_string}\"},\"query-input\":{\"@type\":\"PropertyValueSpecification\",\"valueRequired\":true,\"valueName\":\"search_term_string\"}}],\"inLanguage\":\"fr-FR\"},{\"@type\":\"Organization\",\"@id\":\"https:\\\/\\\/gocarbarcelona.com\\\/#organization\",\"name\":\"GoCar Barcelona\",\"url\":\"https:\\\/\\\/gocarbarcelona.com\\\/\",\"logo\":{\"@type\":\"ImageObject\",\"inLanguage\":\"fr-FR\",\"@id\":\"https:\\\/\\\/gocarbarcelona.com\\\/#\\\/schema\\\/logo\\\/image\\\/\",\"url\":\"https:\\\/\\\/gocarbarcelona.com\\\/wp-content\\\/uploads\\\/2024\\\/01\\\/GoCarBarcelonaLogo.jpg\",\"contentUrl\":\"https:\\\/\\\/gocarbarcelona.com\\\/wp-content\\\/uploads\\\/2024\\\/01\\\/GoCarBarcelonaLogo.jpg\",\"width\":960,\"height\":423,\"caption\":\"GoCar Barcelona\"},\"image\":{\"@id\":\"https:\\\/\\\/gocarbarcelona.com\\\/#\\\/schema\\\/logo\\\/image\\\/\"},\"sameAs\":[\"https:\\\/\\\/www.facebook.com\\\/GoCarBarcelona\",\"https:\\\/\\\/x.com\\\/GoCar_Barcelona\",\"https:\\\/\\\/instagram.com\\\/gocar_barcelona\\\/\",\"https:\\\/\\\/www.linkedin.com\\\/company\\\/gocar-barcelona\",\"https:\\\/\\\/es.pinterest.com\\\/gocarbarcelona\\\/\",\"https:\\\/\\\/www.youtube.com\\\/channel\\\/UCMNOnoKiUscOZR_8dIg_GOQ\",\"https:\\\/\\\/www.tiktok.com\\\/@gocar_barcelona\"]}]}<\/script>\n<!-- \/ Yoast SEO plugin. -->","yoast_head_json":{"title":"Disclaimer - GoCar Barcelona","robots":{"index":"index","follow":"follow","max-snippet":"max-snippet:-1","max-image-preview":"max-image-preview:large","max-video-preview":"max-video-preview:-1"},"canonical":"https:\/\/gocarbarcelona.com\/fr\/disclaimer\/","og_locale":"fr_FR","og_type":"article","og_title":"Disclaimer - GoCar Barcelona","og_description":"GOCAR &#8211; BARCELONA MINI CAR TOURS, [&hellip;]","og_url":"https:\/\/gocarbarcelona.com\/fr\/disclaimer\/","og_site_name":"GoCar Barcelona","article_publisher":"https:\/\/www.facebook.com\/GoCarBarcelona","article_modified_time":"2025-04-09T14:19:57+00:00","twitter_misc":{"Dur\u00e9e de lecture estim\u00e9e":"2 minutes"},"schema":{"@context":"https:\/\/schema.org","@graph":[{"@type":"WebPage","@id":"https:\/\/gocarbarcelona.com\/disclaimer\/","url":"https:\/\/gocarbarcelona.com\/disclaimer\/","name":"Disclaimer - GoCar Barcelona","isPartOf":{"@id":"https:\/\/gocarbarcelona.com\/#website"},"datePublished":"2019-11-05T11:02:04+00:00","dateModified":"2025-04-09T14:19:57+00:00","breadcrumb":{"@id":"https:\/\/gocarbarcelona.com\/disclaimer\/#breadcrumb"},"inLanguage":"fr-FR","potentialAction":[{"@type":"ReadAction","target":["https:\/\/gocarbarcelona.com\/disclaimer\/"]}]},{"@type":"BreadcrumbList","@id":"https:\/\/gocarbarcelona.com\/disclaimer\/#breadcrumb","itemListElement":[{"@type":"ListItem","position":1,"name":"Home","item":"https:\/\/gocarbarcelona.com\/"},{"@type":"ListItem","position":2,"name":"Disclaimer"}]},{"@type":"WebSite","@id":"https:\/\/gocarbarcelona.com\/#website","url":"https:\/\/gocarbarcelona.com\/","name":"GoCar Barcelona","description":"GPS Guided Storytelling Car","publisher":{"@id":"https:\/\/gocarbarcelona.com\/#organization"},"potentialAction":[{"@type":"SearchAction","target":{"@type":"EntryPoint","urlTemplate":"https:\/\/gocarbarcelona.com\/?s={search_term_string}"},"query-input":{"@type":"PropertyValueSpecification","valueRequired":true,"valueName":"search_term_string"}}],"inLanguage":"fr-FR"},{"@type":"Organization","@id":"https:\/\/gocarbarcelona.com\/#organization","name":"GoCar Barcelona","url":"https:\/\/gocarbarcelona.com\/","logo":{"@type":"ImageObject","inLanguage":"fr-FR","@id":"https:\/\/gocarbarcelona.com\/#\/schema\/logo\/image\/","url":"https:\/\/gocarbarcelona.com\/wp-content\/uploads\/2024\/01\/GoCarBarcelonaLogo.jpg","contentUrl":"https:\/\/gocarbarcelona.com\/wp-content\/uploads\/2024\/01\/GoCarBarcelonaLogo.jpg","width":960,"height":423,"caption":"GoCar Barcelona"},"image":{"@id":"https:\/\/gocarbarcelona.com\/#\/schema\/logo\/image\/"},"sameAs":["https:\/\/www.facebook.com\/GoCarBarcelona","https:\/\/x.com\/GoCar_Barcelona","https:\/\/instagram.com\/gocar_barcelona\/","https:\/\/www.linkedin.com\/company\/gocar-barcelona","https:\/\/es.pinterest.com\/gocarbarcelona\/","https:\/\/www.youtube.com\/channel\/UCMNOnoKiUscOZR_8dIg_GOQ","https:\/\/www.tiktok.com\/@gocar_barcelona"]}]}},"_links":{"self":[{"href":"https:\/\/gocarbarcelona.com\/fr\/wp-json\/wp\/v2\/pages\/10167","targetHints":{"allow":["GET"]}}],"collection":[{"href":"https:\/\/gocarbarcelona.com\/fr\/wp-json\/wp\/v2\/pages"}],"about":[{"href":"https:\/\/gocarbarcelona.com\/fr\/wp-json\/wp\/v2\/types\/page"}],"author":[{"embeddable":true,"href":"https:\/\/gocarbarcelona.com\/fr\/wp-json\/wp\/v2\/users\/10"}],"replies":[{"embeddable":true,"href":"https:\/\/gocarbarcelona.com\/fr\/wp-json\/wp\/v2\/comments?post=10167"}],"version-history":[{"count":1,"href":"https:\/\/gocarbarcelona.com\/fr\/wp-json\/wp\/v2\/pages\/10167\/revisions"}],"predecessor-version":[{"id":10168,"href":"https:\/\/gocarbarcelona.com\/fr\/wp-json\/wp\/v2\/pages\/10167\/revisions\/10168"}],"wp:attachment":[{"href":"https:\/\/gocarbarcelona.com\/fr\/wp-json\/wp\/v2\/media?parent=10167"}],"curies":[{"name":"wp","href":"https:\/\/api.w.org\/{rel}","templated":true}]}}